{"id":38,"date":"2021-06-13T10:07:33","date_gmt":"2021-06-13T10:07:33","guid":{"rendered":"http:\/\/apartamentoeljuncal.com\/about\/"},"modified":"2024-10-05T22:34:59","modified_gmt":"2024-10-05T22:34:59","slug":"gastronomia","status":"publish","type":"page","link":"https:\/\/apartamentoeljuncal.com\/en\/gastronomia\/","title":{"rendered":"Gastronomy"},"content":{"rendered":"<div data-elementor-type=\"wp-page\" data-elementor-id=\"38\" class=\"elementor elementor-38\" data-elementor-post-type=\"page\">\n\t\t\t\t\t\t<section class=\"elementor-section elementor-top-section elementor-element elementor-element-1fbd47f elementor-section-boxed elementor-section-height-default elementor-section-height-default\" data-id=\"1fbd47f\" data-element_type=\"section\" data-e-type=\"section\">\n\t\t\t\t\t\t<div class=\"elementor-container elementor-column-gap-default\">\n\t\t\t\t\t<div class=\"elementor-column elementor-col-100 elementor-top-column elementor-element elementor-element-d6f27ad\" data-id=\"d6f27ad\" data-element_type=\"column\" data-e-type=\"column\">\n\t\t\t<div class=\"elementor-widget-wrap elementor-element-populated\">\n\t\t\t\t\t\t<div class=\"elementor-element elementor-element-e536e17 elementor-widget elementor-widget-heading\" data-id=\"e536e17\" data-element_type=\"widget\" data-e-type=\"widget\" data-widget_type=\"heading.default\">\n\t\t\t\t<div class=\"elementor-widget-container\">\n\t\t\t\t\t<h2 class=\"elementor-heading-title elementor-size-default\">GASTRONOMY IN CABRA<\/h2>\t\t\t\t<\/div>\n\t\t\t\t<\/div>\n\t\t\t\t\t<\/div>\n\t\t<\/div>\n\t\t\t\t\t<\/div>\n\t\t<\/section>\n\t\t\t\t<section class=\"elementor-section elementor-top-section elementor-element elementor-element-c601d27 elementor-section-boxed elementor-section-height-default elementor-section-height-default\" data-id=\"c601d27\" data-element_type=\"section\" data-e-type=\"section\">\n\t\t\t\t\t\t<div class=\"elementor-container elementor-column-gap-default\">\n\t\t\t\t\t<div class=\"elementor-column elementor-col-100 elementor-top-column elementor-element elementor-element-f418ce7\" data-id=\"f418ce7\" data-element_type=\"column\" data-e-type=\"column\">\n\t\t\t<div class=\"elementor-widget-wrap elementor-element-populated\">\n\t\t\t\t\t\t<div class=\"elementor-element elementor-element-9df6e35 elementor-widget elementor-widget-image\" data-id=\"9df6e35\" data-element_type=\"widget\" data-e-type=\"widget\" data-widget_type=\"image.default\">\n\t\t\t\t<div class=\"elementor-widget-container\">\n\t\t\t\t\t\t\t\t\t\t\t\t\t\t\t<img fetchpriority=\"high\" decoding=\"async\" width=\"730\" height=\"370\" src=\"https:\/\/apartamentoeljuncal.com\/wp-content\/uploads\/2021\/09\/gastro.jpg\" class=\"attachment-1536x1536 size-1536x1536 wp-image-1986\" alt=\"\" srcset=\"https:\/\/apartamentoeljuncal.com\/wp-content\/uploads\/2021\/09\/gastro.jpg 730w, https:\/\/apartamentoeljuncal.com\/wp-content\/uploads\/2021\/09\/gastro-300x152.jpg 300w\" sizes=\"(max-width: 730px) 100vw, 730px\" \/>\t\t\t\t\t\t\t\t\t\t\t\t\t\t\t<\/div>\n\t\t\t\t<\/div>\n\t\t\t\t\t<\/div>\n\t\t<\/div>\n\t\t\t\t\t<\/div>\n\t\t<\/section>\n\t\t\t\t<section class=\"elementor-section elementor-top-section elementor-element elementor-element-7b32b7d4 elementor-section-boxed elementor-section-height-default elementor-section-height-default\" data-id=\"7b32b7d4\" data-element_type=\"section\" data-e-type=\"section\">\n\t\t\t\t\t\t<div class=\"elementor-container elementor-column-gap-default\">\n\t\t\t\t\t<div class=\"elementor-column elementor-col-100 elementor-top-column elementor-element elementor-element-2de0993\" data-id=\"2de0993\" data-element_type=\"column\" data-e-type=\"column\">\n\t\t\t<div class=\"elementor-widget-wrap elementor-element-populated\">\n\t\t\t\t\t\t<div class=\"elementor-element elementor-element-659009c elementor-widget elementor-widget-text-editor\" data-id=\"659009c\" data-element_type=\"widget\" data-e-type=\"widget\" data-widget_type=\"text-editor.default\">\n\t\t\t\t<div class=\"elementor-widget-container\">\n\t\t\t\t\t\t\t\t\t<p><\/p>\n<p><\/p>\n<p dir=\"ltr\" style=\"line-height: 1.38; margin-top: 0pt; margin-bottom: 0pt;\">\n<\/p><h4 style=\"line-height: 1.38; margin-top: 0pt; margin-bottom: 0pt;\"><span style=\"font-variant-numeric: normal; font-variant-east-asian: normal; vertical-align: baseline; color: #000000;\">The gastronomic richness of this land is determined by different factors that, generation after generation, have shaped eating habits. The abundance of water made possible the fertile plain of the Cabra orchards, rich in fruits and vegetables. The cultivation of the vine and olive tree, which produces wines with denomination of origin and olive oil, basic in the Mediterranean diet.&nbsp;<\/span><\/h4>\n<h4 style=\"line-height: 1.38; margin-top: 0pt; margin-bottom: 0pt;\"><span style=\"font-variant-numeric: normal; font-variant-east-asian: normal; vertical-align: baseline; color: #000000;\">&nbsp;<\/span><\/h4>\n<h4 style=\"line-height: 1.38; margin-top: 0pt; margin-bottom: 0pt; text-align: center;\"><span style=\"text-decoration: underline;\"><span style=\"font-variant-numeric: normal; font-variant-east-asian: normal; vertical-align: baseline; color: #000000; text-decoration: underline;\">OUR RECOMMENDATIONS ON GOAT:<\/span><\/span><\/h4>\n<h4>&nbsp;<\/h4>\n<h4><span style=\"color: #000000;\">1.- <a href=\"https:\/\/www.google.com\/maps\/place\/Gastrobar+Entre+Tapas\/@37.4715417,-4.4456778,15z\/data=!4m6!3m5!1s0xd6d7429b9c52bb1:0x58bac7ee03fcc256!8m2!3d37.4715417!4d-4.4456778!16s%2Fg%2F11cn6q7nd9?entry=ttu\">E<\/a>ntre Tapas.&nbsp;E<\/span><span style=\"color: rgb(0, 0, 0);\">n la Plaza Vieja, a 20 metros del Apartamento Tur\u00edstico El Juncal. Trato exquisito por parte Miguel y familia.<\/span><\/h4>\n<h4><a href=\"http:\/\/www.mesonlacasilla.com\/\"><span style=\"color: #000000;\">2.- La Casilla Restaurant.<\/span><\/a><\/h4>\n<h4><span style=\"color: #000000;\"> 3.- <a href=\"https:\/\/www.google.com\/maps\/place\/Bar+restaurante+Casa+Juli\/@37.477419,-4.4436431,17z\/data=!3m1!4b1!4m6!3m5!1s0xd6d742cf0742d5d:0xc2bce4e6641d395c!8m2!3d37.4774148!4d-4.4410682!16s%2Fg%2F11bbsz3d96?entry=ttu\">Julia House<\/a>. Great variety of grilled meats. <\/span><\/h4>\n<h4><span style=\"color: #000000;\">4.- <a href=\"https:\/\/www.google.com\/maps\/place\/Vaquena+Restaurante\/@37.4837738,-4.3837461,15z\/data=!4m2!3m1!1s0x0:0x72e4b8b282594145?sa=X&amp;ved=2ahUKEwiTkfmgvMSDAxVDVqQEHbvmDgYQ_BJ6BAhHEAA\">Vaquena Restaurant,<\/a> located on the way up to the Virgen de la Sierra Sanctuary. Great variety of local meats.<\/span><\/h4>\n<h4><span style=\"color: #000000;\">5.- <a href=\"https:\/\/www.google.com\/maps\/place\/Restaurante+Rinc%C3%B3n+Gallego+Egabrense\/@37.4696483,-4.4346091,17z\/data=!3m1!4b1!4m6!3m5!1s0xd6d7678912fdc75:0x5213a2c92834d409!8m2!3d37.4696441!4d-4.4320342!16s%2Fg%2F11c52957ng?entry=ttu\">Rinc\u00f3n Gallego Restaurant. <\/a><\/span><\/h4>\n<h4><span style=\"color: #000000;\">6.- <a href=\"https:\/\/www.google.com\/maps\/place\/Restaurante+-+Cafeter%C3%ADa+Juanito\/@37.476736,-4.4321984,17z\/data=!3m1!4b1!4m6!3m5!1s0xd6d75d0b9b9dc7f:0x55d2c496230d5e9!8m2!3d37.4767318!4d-4.4296235!16s%2Fg%2F1tdnmgq1?entry=ttu\">Juanito Restaurant.<\/a> Unbeatable value for money.<\/span><\/h4>\n<h4><span style=\"color: #000000;\"><span style=\"font-variant-numeric: normal; font-variant-east-asian: normal; vertical-align: baseline;\">7.-<a href=\"https:\/\/www.google.com\/maps\/place\/Venta+Los+Pelaos+1913\/@37.4625413,-4.3838441,17z\/data=!3m1!4b1!4m6!3m5!1s0xd6d742a01c88e23:0x157c4af499ac90fc!8m2!3d37.4625371!4d-4.3812692!16s%2Fg%2F11xl3lkty?entry=ttu\"> The Pelaos<\/a>. Typical Egabrense cuisine.<\/span><\/span><\/h4><h4><span style=\"color: #000000;\"><span style=\"font-variant-numeric: normal; font-variant-east-asian: normal; vertical-align: baseline;\">8.- Raza y Dehesa. Carnes espectaculares.<\/span><\/span><\/h4>\n<p><\/p>\n<p><\/p>\t\t\t\t\t\t\t\t<\/div>\n\t\t\t\t<\/div>\n\t\t\t\t\t<\/div>\n\t\t<\/div>\n\t\t\t\t\t<\/div>\n\t\t<\/section>\n\t\t\t\t<\/div>","protected":false},"excerpt":{"rendered":"<p>GASTRONOM\u00cdA DE CABRA La riqueza gastron\u00f3mica de esta tierra est\u00e1 determinada por diferentes factores que, generaci\u00f3n tras generaci\u00f3n, han ido configurando los h\u00e1bitos alimentarios. La &hellip; <\/p>","protected":false},"author":1,"featured_media":0,"parent":0,"menu_order":5,"comment_status":"closed","ping_status":"closed","template":"elementor_header_footer","meta":{"pagelayer_contact_templates":[],"_pagelayer_content":"","footnotes":""},"class_list":["post-38","page","type-page","status-publish","hentry"],"yoast_head":"<!-- This site is optimized with the Yoast SEO plugin v27.5 - https:\/\/yoast.com\/product\/yoast-seo-wordpress\/ -->\n<title>Gastronomia - El Juncal Apartamento Tur\u00edstico<\/title>\n<meta name=\"robots\" content=\"index, follow, max-snippet:-1, max-image-preview:large, max-video-preview:-1\" \/>\n<link rel=\"canonical\" href=\"https:\/\/apartamentoeljuncal.com\/en\/gastronomia\/\" \/>\n<meta property=\"og:locale\" content=\"en_GB\" \/>\n<meta property=\"og:type\" content=\"article\" \/>\n<meta property=\"og:title\" content=\"Gastronomia - El Juncal Apartamento Tur\u00edstico\" \/>\n<meta property=\"og:description\" content=\"GASTRONOM\u00cdA DE CABRA La riqueza gastron\u00f3mica de esta tierra est\u00e1 determinada por diferentes factores que, generaci\u00f3n tras generaci\u00f3n, han ido configurando los h\u00e1bitos alimentarios. La &hellip;\" \/>\n<meta property=\"og:url\" content=\"https:\/\/apartamentoeljuncal.com\/en\/gastronomia\/\" \/>\n<meta property=\"og:site_name\" content=\"El Juncal Apartamento Tur\u00edstico\" \/>\n<meta property=\"article:modified_time\" content=\"2024-10-05T22:34:59+00:00\" \/>\n<meta property=\"og:image\" content=\"https:\/\/apartamentoeljuncal.com\/wp-content\/uploads\/2021\/09\/gastro.jpg\" \/>\n<meta name=\"twitter:card\" content=\"summary_large_image\" \/>\n<meta name=\"twitter:label1\" content=\"Estimated reading time\" \/>\n\t<meta name=\"twitter:data1\" content=\"1 minute\" \/>\n<script type=\"application\/ld+json\" class=\"yoast-schema-graph\">{\"@context\":\"https:\\\/\\\/schema.org\",\"@graph\":[{\"@type\":\"WebPage\",\"@id\":\"https:\\\/\\\/apartamentoeljuncal.com\\\/gastronomia\\\/\",\"url\":\"https:\\\/\\\/apartamentoeljuncal.com\\\/gastronomia\\\/\",\"name\":\"Gastronomia - El Juncal Apartamento Tur\u00edstico\",\"isPartOf\":{\"@id\":\"https:\\\/\\\/apartamentoeljuncal.com\\\/#website\"},\"primaryImageOfPage\":{\"@id\":\"https:\\\/\\\/apartamentoeljuncal.com\\\/gastronomia\\\/#primaryimage\"},\"image\":{\"@id\":\"https:\\\/\\\/apartamentoeljuncal.com\\\/gastronomia\\\/#primaryimage\"},\"thumbnailUrl\":\"https:\\\/\\\/apartamentoeljuncal.com\\\/wp-content\\\/uploads\\\/2021\\\/09\\\/gastro.jpg\",\"datePublished\":\"2021-06-13T10:07:33+00:00\",\"dateModified\":\"2024-10-05T22:34:59+00:00\",\"breadcrumb\":{\"@id\":\"https:\\\/\\\/apartamentoeljuncal.com\\\/gastronomia\\\/#breadcrumb\"},\"inLanguage\":\"en-GB\",\"potentialAction\":[{\"@type\":\"ReadAction\",\"target\":[\"https:\\\/\\\/apartamentoeljuncal.com\\\/gastronomia\\\/\"]}]},{\"@type\":\"ImageObject\",\"inLanguage\":\"en-GB\",\"@id\":\"https:\\\/\\\/apartamentoeljuncal.com\\\/gastronomia\\\/#primaryimage\",\"url\":\"https:\\\/\\\/apartamentoeljuncal.com\\\/wp-content\\\/uploads\\\/2021\\\/09\\\/gastro.jpg\",\"contentUrl\":\"https:\\\/\\\/apartamentoeljuncal.com\\\/wp-content\\\/uploads\\\/2021\\\/09\\\/gastro.jpg\"},{\"@type\":\"BreadcrumbList\",\"@id\":\"https:\\\/\\\/apartamentoeljuncal.com\\\/gastronomia\\\/#breadcrumb\",\"itemListElement\":[{\"@type\":\"ListItem\",\"position\":1,\"name\":\"Portada\",\"item\":\"https:\\\/\\\/apartamentoeljuncal.com\\\/\"},{\"@type\":\"ListItem\",\"position\":2,\"name\":\"Gastronomia\"}]},{\"@type\":\"WebSite\",\"@id\":\"https:\\\/\\\/apartamentoeljuncal.com\\\/#website\",\"url\":\"https:\\\/\\\/apartamentoeljuncal.com\\\/\",\"name\":\"El Juncal Apartamento Tur\u00edstico\",\"description\":\"\",\"potentialAction\":[{\"@type\":\"SearchAction\",\"target\":{\"@type\":\"EntryPoint\",\"urlTemplate\":\"https:\\\/\\\/apartamentoeljuncal.com\\\/?s={search_term_string}\"},\"query-input\":{\"@type\":\"PropertyValueSpecification\",\"valueRequired\":true,\"valueName\":\"search_term_string\"}}],\"inLanguage\":\"en-GB\"}]}<\/script>\n<!-- \/ Yoast SEO plugin. -->","yoast_head_json":{"title":"Gastronomia - El Juncal Apartamento Tur\u00edstico","robots":{"index":"index","follow":"follow","max-snippet":"max-snippet:-1","max-image-preview":"max-image-preview:large","max-video-preview":"max-video-preview:-1"},"canonical":"https:\/\/apartamentoeljuncal.com\/en\/gastronomia\/","og_locale":"en_GB","og_type":"article","og_title":"Gastronomia - El Juncal Apartamento Tur\u00edstico","og_description":"GASTRONOM\u00cdA DE CABRA La riqueza gastron\u00f3mica de esta tierra est\u00e1 determinada por diferentes factores que, generaci\u00f3n tras generaci\u00f3n, han ido configurando los h\u00e1bitos alimentarios. La &hellip;","og_url":"https:\/\/apartamentoeljuncal.com\/en\/gastronomia\/","og_site_name":"El Juncal Apartamento Tur\u00edstico","article_modified_time":"2024-10-05T22:34:59+00:00","og_image":[{"url":"https:\/\/apartamentoeljuncal.com\/wp-content\/uploads\/2021\/09\/gastro.jpg","type":"","width":"","height":""}],"twitter_card":"summary_large_image","twitter_misc":{"Estimated reading time":"1 minute"},"schema":{"@context":"https:\/\/schema.org","@graph":[{"@type":"WebPage","@id":"https:\/\/apartamentoeljuncal.com\/gastronomia\/","url":"https:\/\/apartamentoeljuncal.com\/gastronomia\/","name":"Gastronomia - El Juncal Apartamento Tur\u00edstico","isPartOf":{"@id":"https:\/\/apartamentoeljuncal.com\/#website"},"primaryImageOfPage":{"@id":"https:\/\/apartamentoeljuncal.com\/gastronomia\/#primaryimage"},"image":{"@id":"https:\/\/apartamentoeljuncal.com\/gastronomia\/#primaryimage"},"thumbnailUrl":"https:\/\/apartamentoeljuncal.com\/wp-content\/uploads\/2021\/09\/gastro.jpg","datePublished":"2021-06-13T10:07:33+00:00","dateModified":"2024-10-05T22:34:59+00:00","breadcrumb":{"@id":"https:\/\/apartamentoeljuncal.com\/gastronomia\/#breadcrumb"},"inLanguage":"en-GB","potentialAction":[{"@type":"ReadAction","target":["https:\/\/apartamentoeljuncal.com\/gastronomia\/"]}]},{"@type":"ImageObject","inLanguage":"en-GB","@id":"https:\/\/apartamentoeljuncal.com\/gastronomia\/#primaryimage","url":"https:\/\/apartamentoeljuncal.com\/wp-content\/uploads\/2021\/09\/gastro.jpg","contentUrl":"https:\/\/apartamentoeljuncal.com\/wp-content\/uploads\/2021\/09\/gastro.jpg"},{"@type":"BreadcrumbList","@id":"https:\/\/apartamentoeljuncal.com\/gastronomia\/#breadcrumb","itemListElement":[{"@type":"ListItem","position":1,"name":"Portada","item":"https:\/\/apartamentoeljuncal.com\/"},{"@type":"ListItem","position":2,"name":"Gastronomia"}]},{"@type":"WebSite","@id":"https:\/\/apartamentoeljuncal.com\/#website","url":"https:\/\/apartamentoeljuncal.com\/","name":"El Juncal Apartamento Tur\u00edstico","description":"","potentialAction":[{"@type":"SearchAction","target":{"@type":"EntryPoint","urlTemplate":"https:\/\/apartamentoeljuncal.com\/?s={search_term_string}"},"query-input":{"@type":"PropertyValueSpecification","valueRequired":true,"valueName":"search_term_string"}}],"inLanguage":"en-GB"}]}},"_links":{"self":[{"href":"https:\/\/apartamentoeljuncal.com\/en\/wp-json\/wp\/v2\/pages\/38","targetHints":{"allow":["GET"]}}],"collection":[{"href":"https:\/\/apartamentoeljuncal.com\/en\/wp-json\/wp\/v2\/pages"}],"about":[{"href":"https:\/\/apartamentoeljuncal.com\/en\/wp-json\/wp\/v2\/types\/page"}],"author":[{"embeddable":true,"href":"https:\/\/apartamentoeljuncal.com\/en\/wp-json\/wp\/v2\/users\/1"}],"replies":[{"embeddable":true,"href":"https:\/\/apartamentoeljuncal.com\/en\/wp-json\/wp\/v2\/comments?post=38"}],"version-history":[{"count":141,"href":"https:\/\/apartamentoeljuncal.com\/en\/wp-json\/wp\/v2\/pages\/38\/revisions"}],"predecessor-version":[{"id":3674,"href":"https:\/\/apartamentoeljuncal.com\/en\/wp-json\/wp\/v2\/pages\/38\/revisions\/3674"}],"wp:attachment":[{"href":"https:\/\/apartamentoeljuncal.com\/en\/wp-json\/wp\/v2\/media?parent=38"}],"curies":[{"name":"wp","href":"https:\/\/api.w.org\/{rel}","templated":true}]}}